{"id":6226,"date":"2026-03-05T17:18:59","date_gmt":"2026-03-05T16:18:59","guid":{"rendered":"https:\/\/www.scheibenkleister-hifi.de\/shop\/?post_type=product&#038;p=6226"},"modified":"2026-03-18T18:04:46","modified_gmt":"2026-03-18T17:04:46","slug":"vorfuehrbereit-ortofon-mc-x20-premium-mc%e2%80%91tonabnehmer-mit-reinem-silber%e2%80%91spulensystem","status":"publish","type":"product","link":"https:\/\/www.scheibenkleister-hifi.de\/shop\/product\/vorfuehrbereit-ortofon-mc-x20-premium-mc%e2%80%91tonabnehmer-mit-reinem-silber%e2%80%91spulensystem\/","title":{"rendered":"Vorf\u00fchrbereit! Ortofon MC X20 \u2013 Premium MC\u2011Tonabnehmer mit reinem Silber\u2011Spulensystem"},"content":{"rendered":"<h3 data-start=\"165\" data-end=\"254\">Ortofon MC X20 Tonabnehmer \u2013 Fortgeschrittene MC\u2011Technologie f\u00fcr Vinyl\u2011Enthusiasten<\/h3>\n<p data-start=\"255\" data-end=\"685\">Der <strong data-start=\"259\" data-end=\"289\">Ortofon MC X20 Tonabnehmer<\/strong> ist ein fortschrittliches Moving\u2011Coil\u2011Cartridge f\u00fcr Vinyl\u2011Fans, die eine au\u00dfergew\u00f6hnlich detailreiche und dynamische Musikwiedergabe suchen. Als Teil der neuen MC\u2011X\u2011Serie setzt dieses Cartridge auf hochwertige Materialien und innovative Konstruktion, um ein pr\u00e4zises, musikalisches Ergebnis zu liefern, das Ihre Lieblings\u2011LPs in neuem Glanz erklingen l\u00e4sst.<\/p>\n<p data-start=\"687\" data-end=\"923\">Mit einem nackten elliptischen Diamanten offenbart der <strong data-start=\"742\" data-end=\"772\">Ortofon MC X20 Tonabnehmer<\/strong> feinste musikalische Nuancen und bietet eine hervorragende Balance zwischen Klangausgewogenheit und Detailtreue.<\/p>\n<hr data-start=\"925\" data-end=\"928\" \/>\n<h3 data-start=\"930\" data-end=\"980\">\u00dcberragende Klangqualit\u00e4t des Ortofon MC X20<\/h3>\n<p data-start=\"981\" data-end=\"1273\">Der <strong data-start=\"985\" data-end=\"1015\">Ortofon MC X20 Tonabnehmer<\/strong> nutzt einen nackten elliptischen Diamanten (nude elliptical stylus), der die Schallplattenrille mit gro\u00dfer Pr\u00e4zision abtastet \u2013 ideal, um musikalische Details, Raum und Tiefe aus Ihrer Vinyl\u2011Wiedergabe herauszuarbeiten.<\/p>\n<p data-start=\"1275\" data-end=\"1482\">Dank des Spulensystems aus hochreinem Silber bietet es eine au\u00dfergew\u00f6hnlich klare Signal\u00fcbertragung, die Verzerrungen reduziert und die Nat\u00fcrlichkeit des Sounds bewahrt.<\/p>\n<p data-start=\"1484\" data-end=\"1562\">Die Klangsignatur des <strong data-start=\"1506\" data-end=\"1537\">Ortofon MC X20 Tonabnehmers<\/strong> zeichnet sich aus durch:<\/p>\n<ul data-start=\"1564\" data-end=\"1761\">\n<li data-start=\"1564\" data-end=\"1592\">\n<p data-start=\"1566\" data-end=\"1592\">brillante, pr\u00e4zise H\u00f6hen<\/p>\n<\/li>\n<li data-start=\"1593\" data-end=\"1623\">\n<p data-start=\"1595\" data-end=\"1623\">klare, detaillierte Mitten<\/p>\n<\/li>\n<li data-start=\"1624\" data-end=\"1665\">\n<p data-start=\"1626\" data-end=\"1665\">kontrollierten und musikalischen Bass<\/p>\n<\/li>\n<li data-start=\"1666\" data-end=\"1761\">\n<p data-start=\"1668\" data-end=\"1761\">lebendige R\u00e4umlichkeit mit sch\u00f6ner Instrumententrennung<\/p>\n<\/li>\n<\/ul>\n<hr data-start=\"1763\" data-end=\"1766\" \/>\n<h3 data-start=\"1768\" data-end=\"1825\">F\u00fcr wen eignet sich der Ortofon MC X20 Tonabnehmer?<\/h3>\n<p data-start=\"1826\" data-end=\"2011\">Der <strong data-start=\"1830\" data-end=\"1860\">Ortofon MC X20 Tonabnehmer<\/strong> ist perfekt f\u00fcr Vinyl\u2011Fans, die ein hochwertiges MC\u2011System suchen, das deutlich mehr Aufl\u00f6sung und musikalische Tiefe bietet als Standard\u2011Tonabnehmer.<\/p>\n<p data-start=\"2013\" data-end=\"2032\">Ideal geeignet f\u00fcr:<\/p>\n<ul data-start=\"2034\" data-end=\"2306\">\n<li data-start=\"2034\" data-end=\"2073\">\n<p data-start=\"2036\" data-end=\"2073\">anspruchsvolle Hi\u2011Fi\u2011Plattenspieler<\/p>\n<\/li>\n<li data-start=\"2074\" data-end=\"2121\">\n<p data-start=\"2076\" data-end=\"2121\">Vinyl\u2011Liebhaber mit Fokus auf Klangqualit\u00e4t<\/p>\n<\/li>\n<li data-start=\"2122\" data-end=\"2186\">\n<p data-start=\"2124\" data-end=\"2186\">Audiophile H\u00f6rer, die feine Dynamik und Detailtreue sch\u00e4tzen<\/p>\n<\/li>\n<li data-start=\"2187\" data-end=\"2306\">\n<p data-start=\"2189\" data-end=\"2306\">Nutzer, die ihr System vom Moving\u2011Magnet\u2011Bereich ins MC\u2011Segment upgraden wollen<\/p>\n<\/li>\n<\/ul>\n<p data-start=\"2308\" data-end=\"2496\">Dank der standardisierten \u00bd\u2011Zoll\u2011Befestigung l\u00e4sst sich der <strong data-start=\"2368\" data-end=\"2398\">Ortofon MC X20 Tonabnehmer<\/strong> problemlos auf den meisten hochwertigen Tonarmen montieren.<\/p>\n<hr data-start=\"2498\" data-end=\"2501\" \/>\n<h3 data-start=\"2503\" data-end=\"2549\">Vorteile des Ortofon MC X20 Tonabnehmers<\/h3>\n<p data-start=\"2550\" data-end=\"2612\">Der <strong data-start=\"2554\" data-end=\"2584\">Ortofon MC X20 Tonabnehmer<\/strong> bietet zahlreiche Vorteile:<\/p>\n<ul data-start=\"2614\" data-end=\"3021\">\n<li data-start=\"2614\" data-end=\"2681\">\n<p data-start=\"2616\" data-end=\"2681\">Nackter elliptischer Diamant f\u00fcr ausgezeichnete Abtastpr\u00e4zision<\/p>\n<\/li>\n<li data-start=\"2682\" data-end=\"2747\">\n<p data-start=\"2684\" data-end=\"2747\">Spulen aus hochreinem Silber f\u00fcr sehr klare Signal\u00fcbertragung<\/p>\n<\/li>\n<li data-start=\"2748\" data-end=\"2805\">\n<p data-start=\"2750\" data-end=\"2805\">Neu entwickeltes Magnet\u2011System f\u00fcr maximale Effizienz<\/p>\n<\/li>\n<li data-start=\"2806\" data-end=\"2890\">\n<p data-start=\"2808\" data-end=\"2890\">Ortofon\u2011exklusives mechanisches D\u00e4mpfungssystem zur Minimierung von Verzerrungen<\/p>\n<\/li>\n<li data-start=\"2891\" data-end=\"3021\">\n<p data-start=\"2893\" data-end=\"3021\">Stabiler, wabenf\u00f6rmiger Edelstahlrahmen f\u00fcr exakte Performance und langlebige Konstruktion<\/p>\n<\/li>\n<\/ul>\n<hr data-start=\"3023\" data-end=\"3026\" \/>\n<h3 data-start=\"3028\" data-end=\"3084\">Pflege und Wartung des Ortofon MC X20 Tonabnehmers<\/h3>\n<p data-start=\"3085\" data-end=\"3220\">Damit der <strong data-start=\"3095\" data-end=\"3125\">Ortofon MC X20 Tonabnehmer<\/strong> dauerhaft erstklassige Klangqualit\u00e4t liefert, sollten folgende Pflegehinweise beachtet werden:<\/p>\n<ul data-start=\"3222\" data-end=\"3444\">\n<li data-start=\"3222\" data-end=\"3284\">\n<p data-start=\"3224\" data-end=\"3284\">Nadel vorsichtig mit einer speziellen Nadelb\u00fcrste reinigen<\/p>\n<\/li>\n<li data-start=\"3285\" data-end=\"3341\">\n<p data-start=\"3287\" data-end=\"3341\">Schallplatten vor dem Abspielen gr\u00fcndlich entstauben<\/p>\n<\/li>\n<li data-start=\"3342\" data-end=\"3386\">\n<p data-start=\"3344\" data-end=\"3386\">Empfohlene Auflagekraft exakt einstellen<\/p>\n<\/li>\n<li data-start=\"3387\" data-end=\"3444\">\n<p data-start=\"3389\" data-end=\"3444\">Tonabnehmer vor St\u00f6\u00dfen, Staub und Feuchtigkeit sch\u00fctzen<\/p>\n<\/li>\n<\/ul>\n<p data-start=\"3446\" data-end=\"3539\">Diese Ma\u00dfnahmen verl\u00e4ngern die Lebensdauer der Nadel und tragen zu dauerhaftem H\u00f6rgenuss bei.<\/p>\n<hr data-start=\"3541\" data-end=\"3544\" \/>\n<h2 data-start=\"3546\" data-end=\"3565\">Technische Daten<\/h2>\n<ul data-start=\"3567\" data-end=\"4385\">\n<li data-start=\"3567\" data-end=\"3610\">\n<p data-start=\"3569\" data-end=\"3610\"><strong data-start=\"3569\" data-end=\"3581\">Produkt:<\/strong> Ortofon MC X20 Tonabnehmer<\/p>\n<\/li>\n<li data-start=\"3611\" data-end=\"3650\">\n<p data-start=\"3613\" data-end=\"3650\"><strong data-start=\"3613\" data-end=\"3621\">Typ:<\/strong> Moving Coil (MC) Cartridge<\/p>\n<\/li>\n<li data-start=\"3651\" data-end=\"3696\">\n<p data-start=\"3653\" data-end=\"3696\"><strong data-start=\"3653\" data-end=\"3670\">Nadelschliff:<\/strong> Nude Elliptical Diamant<\/p>\n<\/li>\n<li data-start=\"3697\" data-end=\"3753\">\n<p data-start=\"3699\" data-end=\"3753\"><strong data-start=\"3699\" data-end=\"3720\">Ausgangsspannung:<\/strong> ca. 0,4 mV (bei 1 kHz, 5 cm\/s)<\/p>\n<\/li>\n<li data-start=\"3754\" data-end=\"3799\">\n<p data-start=\"3756\" data-end=\"3799\"><strong data-start=\"3756\" data-end=\"3776\">Frequenzbereich:<\/strong> 20 Hz \u2013 20 kHz \u00b11 dB<\/p>\n<\/li>\n<li data-start=\"3800\" data-end=\"3840\">\n<p data-start=\"3802\" data-end=\"3840\"><strong data-start=\"3802\" data-end=\"3827\">Kanalbalance (1 kHz):<\/strong> ca. 0,5 dB<\/p>\n<\/li>\n<li data-start=\"3841\" data-end=\"3881\">\n<p data-start=\"3843\" data-end=\"3881\"><strong data-start=\"3843\" data-end=\"3869\">Kanaltrennung (1 kHz):<\/strong> ca. 25 dB<\/p>\n<\/li>\n<li data-start=\"3882\" data-end=\"3930\">\n<p data-start=\"3884\" data-end=\"3930\"><strong data-start=\"3884\" data-end=\"3919\">Compliance, dynamisch, lateral:<\/strong> 15 \u03bcm\/mN<\/p>\n<\/li>\n<li data-start=\"3931\" data-end=\"3973\">\n<p data-start=\"3933\" data-end=\"3973\"><strong data-start=\"3933\" data-end=\"3961\">Empfohlene Auflagekraft:<\/strong> ca. 2,0 g<\/p>\n<\/li>\n<li data-start=\"3974\" data-end=\"4007\">\n<p data-start=\"3976\" data-end=\"4007\"><strong data-start=\"3976\" data-end=\"3997\">Interne Impedanz:<\/strong> ca. 6 \u03a9<\/p>\n<\/li>\n<li data-start=\"4008\" data-end=\"4049\">\n<p data-start=\"4010\" data-end=\"4049\"><strong data-start=\"4010\" data-end=\"4040\">Empfohlene Lastwiderstand:<\/strong> &gt; 50 \u03a9<\/p>\n<\/li>\n<li data-start=\"4050\" data-end=\"4109\">\n<p data-start=\"4052\" data-end=\"4109\"><strong data-start=\"4052\" data-end=\"4069\">Spulensystem:<\/strong> Vierfach\u2011Spulen aus hochreinem Silber<\/p>\n<\/li>\n<li data-start=\"4110\" data-end=\"4149\">\n<p data-start=\"4112\" data-end=\"4149\"><strong data-start=\"4112\" data-end=\"4137\">Nadeltr\u00e4ger\u2011Material:<\/strong> Aluminium<\/p>\n<\/li>\n<li data-start=\"4150\" data-end=\"4176\">\n<p data-start=\"4152\" data-end=\"4176\"><strong data-start=\"4152\" data-end=\"4164\">Gewicht:<\/strong> ca. 8,6 g<\/p>\n<\/li>\n<li data-start=\"4177\" data-end=\"4221\">\n<p data-start=\"4179\" data-end=\"4221\"><strong data-start=\"4179\" data-end=\"4191\">Montage:<\/strong> Standard\u2011\u00bd\u2011Zoll\u2011Befestigung<\/p>\n<\/li>\n<li data-start=\"4222\" data-end=\"4385\">\n<p data-start=\"4224\" data-end=\"4385\"><strong data-start=\"4224\" data-end=\"4252\">Besondere Eigenschaften:<\/strong> Hochpr\u00e4ziser nude elliptical Diamant, optimiertes magnetisches System, Ortofon\u2011D\u00e4mpfungssystem<\/p>\n<\/li>\n<\/ul>\n","protected":false},"excerpt":{"rendered":"<p>Der <strong data-start=\"5391\" data-end=\"5421\">Ortofon MC X20 Tonabnehmer<\/strong> ist ein High\u2011End MC\u2011Cartridge mit nude elliptical Diamant und reinem Silber\u2011Spulensystem f\u00fcr pr\u00e4zisen und detailreichen Vinylklang. DIESES PRODUKT KANN NUR DIREKT BEI UNS IM GESCH\u00c4FT ERWORBEN WERDEN! KEIN VERSAND!<\/p>\n","protected":false},"featured_media":6227,"comment_status":"closed","ping_status":"closed","template":"","meta":{"_acf_changed":false},"product_brand":[348],"product_cat":[327],"product_tag":[347,395,356,392,378,390,379,351,328,389,382,397,391,396,394,393,381],"class_list":{"0":"post-6226","1":"product","2":"type-product","3":"status-publish","4":"has-post-thumbnail","6":"product_brand-ortofon","7":"product_cat-tonabnehmer","8":"product_tag-analoger-klang","9":"product_tag-audiophiles-mcsystem","10":"product_tag-hifi-tonabnehmer","11":"product_tag-highend-mc","12":"product_tag-mc-tonabnehmer","13":"product_tag-mc-x20-tonabnehmer","14":"product_tag-moving-coil-cartridge","15":"product_tag-nude-elliptical-nadel","16":"product_tag-ortofon","17":"product_tag-ortofon-mc-x20","18":"product_tag-plattenspieler-zubehoer","19":"product_tag-praeziser-vinylklang","20":"product_tag-premium-phono-cartridge","21":"product_tag-quad-spulen","22":"product_tag-silberspulensystem","23":"product_tag-vinyl-cartridge","24":"product_tag-vinyl-mc-system","26":"first","27":"outofstock","28":"sold-individually","29":"shipping-taxable","30":"purchasable","31":"product-type-simple"},"acf":[],"_links":{"self":[{"href":"https:\/\/www.scheibenkleister-hifi.de\/shop\/wp-json\/wp\/v2\/product\/6226","targetHints":{"allow":["GET"]}}],"collection":[{"href":"https:\/\/www.scheibenkleister-hifi.de\/shop\/wp-json\/wp\/v2\/product"}],"about":[{"href":"https:\/\/www.scheibenkleister-hifi.de\/shop\/wp-json\/wp\/v2\/types\/product"}],"replies":[{"embeddable":true,"href":"https:\/\/www.scheibenkleister-hifi.de\/shop\/wp-json\/wp\/v2\/comments?post=6226"}],"wp:featuredmedia":[{"embeddable":true,"href":"https:\/\/www.scheibenkleister-hifi.de\/shop\/wp-json\/wp\/v2\/media\/6227"}],"wp:attachment":[{"href":"https:\/\/www.scheibenkleister-hifi.de\/shop\/wp-json\/wp\/v2\/media?parent=6226"}],"wp:term":[{"taxonomy":"product_brand","embeddable":true,"href":"https:\/\/www.scheibenkleister-hifi.de\/shop\/wp-json\/wp\/v2\/product_brand?post=6226"},{"taxonomy":"product_cat","embeddable":true,"href":"https:\/\/www.scheibenkleister-hifi.de\/shop\/wp-json\/wp\/v2\/product_cat?post=6226"},{"taxonomy":"product_tag","embeddable":true,"href":"https:\/\/www.scheibenkleister-hifi.de\/shop\/wp-json\/wp\/v2\/product_tag?post=6226"}],"curies":[{"name":"wp","href":"https:\/\/api.w.org\/{rel}","templated":true}]}}