{"id":6221,"date":"2026-03-05T17:28:13","date_gmt":"2026-03-05T16:28:13","guid":{"rendered":"https:\/\/www.scheibenkleister-hifi.de\/shop\/?post_type=product&#038;p=6221"},"modified":"2026-03-18T18:00:38","modified_gmt":"2026-03-18T17:00:38","slug":"ortofon-2m-black-lvb-250-tonabnehmer-limitierte-beethoven%e2%80%91edition-high%e2%80%91end-mm%e2%80%91cartridge","status":"publish","type":"product","link":"https:\/\/www.scheibenkleister-hifi.de\/shop\/product\/ortofon-2m-black-lvb-250-tonabnehmer-limitierte-beethoven%e2%80%91edition-high%e2%80%91end-mm%e2%80%91cartridge\/","title":{"rendered":"Ortofon 2M Black LVB 250 Tonabnehmer \u2013 Limitierte Beethoven\u2011Edition &amp; High\u2011End MM\u2011Cartridge"},"content":{"rendered":"<h3 data-start=\"176\" data-end=\"255\">Exklusive High\u2011End\u2011Klangwelt mit dem Ortofon 2M Black LVB 250 Tonabnehmer<\/h3>\n<p data-start=\"256\" data-end=\"780\">Der <strong data-start=\"260\" data-end=\"300\">Ortofon 2M Black LVB 250 Tonabnehmer<\/strong> ist ein au\u00dfergew\u00f6hnliches High\u2011End\u2011Moving\u2011Magnet\u2011Cartridge, das speziell zum 250. Geburtstag von Ludwig van Beethoven entworfen wurde. Dieses exklusive Modell baut auf dem legend\u00e4ren 2M Black auf und kombiniert fortschrittliche Materialien mit pr\u00e4ziser Ingenieurskunst, um ein au\u00dfergew\u00f6hnlich detailliertes, dynamisches und nuanciertes Klangerlebnis zu bieten \u2013 so realistisch, dass es sich anf\u00fchlt, als w\u00e4re der K\u00fcnstler live im Raum dabei.<\/p>\n<hr data-start=\"782\" data-end=\"785\" \/>\n<h3 data-start=\"787\" data-end=\"844\">Audiophiler Klang mit au\u00dfergew\u00f6hnlicher Detailtreue<\/h3>\n<p data-start=\"845\" data-end=\"1309\">Der <strong data-start=\"849\" data-end=\"889\">Ortofon 2M Black LVB 250 Tonabnehmer<\/strong> nutzt einen Nude\u2011Shibata\u2011Diamanten auf einem Boron\u2011Nadeltr\u00e4ger, wodurch eine breite Kontaktfl\u00e4che zur Plattenrille entsteht und feinste Details erfasst werden. Dies f\u00fchrt zu beeindruckender Transparenz, Geschwindigkeit und Reaktionsf\u00e4higkeit in der Wiedergabe \u00fcber das gesamte Frequenzspektrum hinweg \u2013 inklusive der h\u00f6chsten Frequenzen, ohne Verzerrungen oder Informationsverlust.<\/p>\n<p data-start=\"1311\" data-end=\"1353\">Die Klangsignatur zeichnet sich durch aus:<\/p>\n<ul data-start=\"1355\" data-end=\"1511\">\n<li data-start=\"1355\" data-end=\"1379\">\n<p data-start=\"1357\" data-end=\"1379\">extrem pr\u00e4zise H\u00f6hen<\/p>\n<\/li>\n<li data-start=\"1380\" data-end=\"1408\">\n<p data-start=\"1382\" data-end=\"1408\">klare, nat\u00fcrliche Mitten<\/p>\n<\/li>\n<li data-start=\"1409\" data-end=\"1445\">\n<p data-start=\"1411\" data-end=\"1445\">kontrollierter, dynamischer Bass<\/p>\n<\/li>\n<li data-start=\"1446\" data-end=\"1511\">\n<p data-start=\"1448\" data-end=\"1511\">realistische R\u00e4umlichkeit und exzellente Instrumententrennung<\/p>\n<\/li>\n<\/ul>\n<p data-start=\"1513\" data-end=\"1625\">Dadurch bietet der <strong data-start=\"1532\" data-end=\"1572\">Ortofon 2M Black LVB 250 Tonabnehmer<\/strong> ein besonders lebendiges und immersives H\u00f6rerlebnis.<\/p>\n<hr data-start=\"1627\" data-end=\"1630\" \/>\n<h3 data-start=\"1632\" data-end=\"1699\">F\u00fcr wen eignet sich der Ortofon 2M Black LVB 250 Tonabnehmer?<\/h3>\n<p data-start=\"1700\" data-end=\"1823\">Dieses Cartridge ist ideal f\u00fcr anspruchsvolle Vinyl\u2011Fans und Hi\u2011Fi\u2011Enthusiasten, die h\u00f6chste audiophile Standards erwarten:<\/p>\n<ul data-start=\"1825\" data-end=\"1994\">\n<li data-start=\"1825\" data-end=\"1859\">\n<p data-start=\"1827\" data-end=\"1859\">Vinyl\u2011H\u00f6rer mit High\u2011End\u2011Setup<\/p>\n<\/li>\n<li data-start=\"1860\" data-end=\"1897\">\n<p data-start=\"1862\" data-end=\"1897\">Liebhaber pr\u00e4ziser Klangabbildung<\/p>\n<\/li>\n<li data-start=\"1898\" data-end=\"1954\">\n<p data-start=\"1900\" data-end=\"1954\">Sammler und Musikliebhaber mit Fokus auf Detailtreue<\/p>\n<\/li>\n<li data-start=\"1955\" data-end=\"1994\">\n<p data-start=\"1957\" data-end=\"1994\">Upgrade f\u00fcr 2M\u2011Serie\u2011Plattenspieler<\/p>\n<\/li>\n<\/ul>\n<p data-start=\"1996\" data-end=\"2192\">Dank der universellen \u00bd\u2011Zoll\u2011Standardmontage l\u00e4sst sich der <strong data-start=\"2056\" data-end=\"2096\">Ortofon 2M Black LVB 250 Tonabnehmer<\/strong> problemlos auf vielen hochwertigen Tonarmen installieren.<\/p>\n<hr data-start=\"2194\" data-end=\"2197\" \/>\n<h3 data-start=\"2199\" data-end=\"2255\">Vorteile des Ortofon 2M Black LVB 250 Tonabnehmers<\/h3>\n<p data-start=\"2256\" data-end=\"2337\">Der <strong data-start=\"2260\" data-end=\"2300\">Ortofon 2M Black LVB 250 Tonabnehmer<\/strong> bietet viele herausragende Vorteile:<\/p>\n<ul data-start=\"2339\" data-end=\"2648\">\n<li data-start=\"2339\" data-end=\"2388\">\n<p data-start=\"2341\" data-end=\"2388\">Limitierte Beethoven\u2011Edition zum Sammlerst\u00fcck<\/p>\n<\/li>\n<li data-start=\"2389\" data-end=\"2452\">\n<p data-start=\"2391\" data-end=\"2452\">Boron\u2011Nadeltr\u00e4ger f\u00fcr hohe Steifigkeit und schnelle Dynamik<\/p>\n<\/li>\n<li data-start=\"2453\" data-end=\"2506\">\n<p data-start=\"2455\" data-end=\"2506\">Nude\u2011Shibata\u2011Diamant f\u00fcr maximale Detailaufl\u00f6sung<\/p>\n<\/li>\n<li data-start=\"2507\" data-end=\"2585\">\n<p data-start=\"2509\" data-end=\"2585\">Nano Tube\u2011Aufh\u00e4ngung mit Multi Wall Carbon Nano Tubes f\u00fcr bessere D\u00e4mpfung<\/p>\n<\/li>\n<li data-start=\"2586\" data-end=\"2648\">\n<p data-start=\"2588\" data-end=\"2648\">Reduzierter Verzerrungsgrad und geringer Plattenverschlei\u00df<\/p>\n<\/li>\n<\/ul>\n<p data-start=\"2650\" data-end=\"2781\">Dieses Cartridge vereint technische Exzellenz mit musikalischem Ausdruck auf h\u00f6chstem Niveau.<\/p>\n<hr data-start=\"2783\" data-end=\"2786\" \/>\n<h3 data-start=\"2788\" data-end=\"2854\">Pflege und Wartung des Ortofon 2M Black LVB 250 Tonabnehmers<\/h3>\n<p data-start=\"2855\" data-end=\"2990\">Damit der <strong data-start=\"2865\" data-end=\"2905\">Ortofon 2M Black LVB 250 Tonabnehmer<\/strong> langfristig optimale Leistung liefert, sollten folgende Pflegetipps beachtet werden:<\/p>\n<ul data-start=\"2992\" data-end=\"3205\">\n<li data-start=\"2992\" data-end=\"3054\">\n<p data-start=\"2994\" data-end=\"3054\">Nadel vorsichtig mit einer geeigneten Nadelb\u00fcrste reinigen<\/p>\n<\/li>\n<li data-start=\"3055\" data-end=\"3112\">\n<p data-start=\"3057\" data-end=\"3112\">Schallplatten vor dem Abspielen sorgf\u00e4ltig entstauben<\/p>\n<\/li>\n<li data-start=\"3113\" data-end=\"3157\">\n<p data-start=\"3115\" data-end=\"3157\">Empfohlene Auflagekraft exakt einstellen<\/p>\n<\/li>\n<li data-start=\"3158\" data-end=\"3205\">\n<p data-start=\"3160\" data-end=\"3205\">Vor St\u00f6\u00dfen, Staub und Feuchtigkeit sch\u00fctzen<\/p>\n<\/li>\n<\/ul>\n<p data-start=\"3207\" data-end=\"3294\">Regelm\u00e4\u00dfige Pflege erh\u00f6ht Lebensdauer und Klangqualit\u00e4t und sch\u00fctzt Ihre Vinyl\u2011Sch\u00e4tze.<\/p>\n<hr data-start=\"3296\" data-end=\"3299\" \/>\n<h2 data-start=\"3301\" data-end=\"3320\">Technische Daten<\/h2>\n<ul data-start=\"3322\" data-end=\"4064\">\n<li data-start=\"3322\" data-end=\"3375\">\n<p data-start=\"3324\" data-end=\"3375\"><strong data-start=\"3324\" data-end=\"3336\">Produkt:<\/strong> Ortofon 2M Black LVB 250 Tonabnehmer<\/p>\n<\/li>\n<li data-start=\"3376\" data-end=\"3423\">\n<p data-start=\"3378\" data-end=\"3423\"><strong data-start=\"3378\" data-end=\"3386\">Typ:<\/strong> Moving Magnet (MM) Phono Cartridge<\/p>\n<\/li>\n<li data-start=\"3424\" data-end=\"3466\">\n<p data-start=\"3426\" data-end=\"3466\"><strong data-start=\"3426\" data-end=\"3443\">Nadelschliff:<\/strong> Nude Shibata Diamant<\/p>\n<\/li>\n<li data-start=\"3467\" data-end=\"3501\">\n<p data-start=\"3469\" data-end=\"3501\"><strong data-start=\"3469\" data-end=\"3493\">Cantilever Material:<\/strong> Boron<\/p>\n<\/li>\n<li data-start=\"3502\" data-end=\"3536\">\n<p data-start=\"3504\" data-end=\"3536\"><strong data-start=\"3504\" data-end=\"3525\">Ausgangsspannung:<\/strong> ca. 5 mV<\/p>\n<\/li>\n<li data-start=\"3537\" data-end=\"3589\">\n<p data-start=\"3539\" data-end=\"3589\"><strong data-start=\"3539\" data-end=\"3559\">Frequenzbereich:<\/strong> 20 \u2013 20.000 Hz (+2 \/ \u20131 dB)<\/p>\n<\/li>\n<li data-start=\"3590\" data-end=\"3642\">\n<p data-start=\"3592\" data-end=\"3642\"><strong data-start=\"3592\" data-end=\"3620\">Empfohlene Auflagekraft:<\/strong> 1,6 g (1,5 \u2013 1,7 g)<\/p>\n<\/li>\n<li data-start=\"3643\" data-end=\"3687\">\n<p data-start=\"3645\" data-end=\"3687\"><strong data-start=\"3645\" data-end=\"3666\">Tracking Ability:<\/strong> ca. 80 \u00b5m @ 315 Hz<\/p>\n<\/li>\n<li data-start=\"3688\" data-end=\"3736\">\n<p data-start=\"3690\" data-end=\"3736\"><strong data-start=\"3690\" data-end=\"3725\">Compliance, dynamisch, lateral:<\/strong> 22 \u00b5m\/mN<\/p>\n<\/li>\n<li data-start=\"3737\" data-end=\"3773\">\n<p data-start=\"3739\" data-end=\"3773\"><strong data-start=\"3739\" data-end=\"3764\">Kanalbalance (1 kHz):<\/strong> \u2248 1 dB<\/p>\n<\/li>\n<li data-start=\"3774\" data-end=\"3812\">\n<p data-start=\"3776\" data-end=\"3812\"><strong data-start=\"3776\" data-end=\"3802\">Kanaltrennung (1 kHz):<\/strong> &gt; 27 dB<\/p>\n<\/li>\n<li data-start=\"3813\" data-end=\"3839\">\n<p data-start=\"3815\" data-end=\"3839\"><strong data-start=\"3815\" data-end=\"3827\">Gewicht:<\/strong> ca. 7,2 g<\/p>\n<\/li>\n<li data-start=\"3840\" data-end=\"3884\">\n<p data-start=\"3842\" data-end=\"3884\"><strong data-start=\"3842\" data-end=\"3854\">Montage:<\/strong> Standard\u2011\u00bd\u2011Zoll\u2011Befestigung<\/p>\n<\/li>\n<li data-start=\"3885\" data-end=\"3939\">\n<p data-start=\"3887\" data-end=\"3939\"><strong data-start=\"3887\" data-end=\"3897\">Farbe:<\/strong> Schwarz mit exklusivem Beethoven\u2011Design<\/p>\n<\/li>\n<li data-start=\"3940\" data-end=\"4064\">\n<p data-start=\"3942\" data-end=\"4064\"><strong data-start=\"3942\" data-end=\"3970\">Besondere Eigenschaften:<\/strong> Nano Tube\u2011Aufh\u00e4ngungssystem, Umweltschonende Produktion<\/p>\n<\/li>\n<\/ul>\n<hr data-start=\"4066\" data-end=\"4069\" \/>\n","protected":false},"excerpt":{"rendered":"<p>Der <strong data-start=\"5109\" data-end=\"5149\">Ortofon 2M Black LVB 250 Tonabnehmer<\/strong> ist eine limitierte Beethoven\u2011Edition mit Nude\u2011Shibata\u2011Diamant auf Boron\u2011Cantilever f\u00fcr maximale Detailtreue und audiophilen Vinyl\u2011Sound. DIESES PRODUKT KANN NUR DIREKT BEI UNS IM GESCH\u00c4FT ERWORBEN WERDEN! KEIN VERSAND!<\/p>\n","protected":false},"featured_media":6222,"comment_status":"closed","ping_status":"closed","template":"","meta":{"_acf_changed":false},"product_brand":[348],"product_cat":[327],"product_tag":[371,369,367,366,373,333,368,364,374,365,372,375,341,370,340],"class_list":{"0":"post-6221","1":"product","2":"type-product","3":"status-publish","4":"has-post-thumbnail","6":"product_brand-ortofon","7":"product_cat-tonabnehmer","8":"product_tag-audiophile-phono-cartridge","9":"product_tag-boron-nadeltraeger","10":"product_tag-hifi-plattenspieler-cartridge","11":"product_tag-highend-mmtonabnehmer","12":"product_tag-limited-edition-tonabnehmer","13":"product_tag-moving-magnet-cartridge","14":"product_tag-nude-shibata-diamant","15":"product_tag-ortofon-2m-black-lvb-250","16":"product_tag-ortofon-2m-serie","17":"product_tag-ortofon-beethoven-edition","18":"product_tag-precious-vinyl-cartridge","19":"product_tag-premium-cartridge","20":"product_tag-schallplatten-zubehoer","21":"product_tag-vinyl-highend-klang","22":"product_tag-vinyl-zubehoer","24":"first","25":"outofstock","26":"shipping-taxable","27":"purchasable","28":"product-type-simple"},"acf":[],"_links":{"self":[{"href":"https:\/\/www.scheibenkleister-hifi.de\/shop\/wp-json\/wp\/v2\/product\/6221","targetHints":{"allow":["GET"]}}],"collection":[{"href":"https:\/\/www.scheibenkleister-hifi.de\/shop\/wp-json\/wp\/v2\/product"}],"about":[{"href":"https:\/\/www.scheibenkleister-hifi.de\/shop\/wp-json\/wp\/v2\/types\/product"}],"replies":[{"embeddable":true,"href":"https:\/\/www.scheibenkleister-hifi.de\/shop\/wp-json\/wp\/v2\/comments?post=6221"}],"wp:featuredmedia":[{"embeddable":true,"href":"https:\/\/www.scheibenkleister-hifi.de\/shop\/wp-json\/wp\/v2\/media\/6222"}],"wp:attachment":[{"href":"https:\/\/www.scheibenkleister-hifi.de\/shop\/wp-json\/wp\/v2\/media?parent=6221"}],"wp:term":[{"taxonomy":"product_brand","embeddable":true,"href":"https:\/\/www.scheibenkleister-hifi.de\/shop\/wp-json\/wp\/v2\/product_brand?post=6221"},{"taxonomy":"product_cat","embeddable":true,"href":"https:\/\/www.scheibenkleister-hifi.de\/shop\/wp-json\/wp\/v2\/product_cat?post=6221"},{"taxonomy":"product_tag","embeddable":true,"href":"https:\/\/www.scheibenkleister-hifi.de\/shop\/wp-json\/wp\/v2\/product_tag?post=6221"}],"curies":[{"name":"wp","href":"https:\/\/api.w.org\/{rel}","templated":true}]}}