{"id":6220,"date":"2026-03-05T17:27:50","date_gmt":"2026-03-05T16:27:50","guid":{"rendered":"https:\/\/www.scheibenkleister-hifi.de\/shop\/?post_type=product&#038;p=6220"},"modified":"2026-03-18T18:02:01","modified_gmt":"2026-03-18T17:02:01","slug":"ortofon-2m-black-tonabnehmer-referenz-mm-cartridge-fuer-audiophilen-vinylklang","status":"publish","type":"product","link":"https:\/\/www.scheibenkleister-hifi.de\/shop\/product\/ortofon-2m-black-tonabnehmer-referenz-mm-cartridge-fuer-audiophilen-vinylklang\/","title":{"rendered":"Ortofon 2M Black Tonabnehmer \u2013 Referenz MM-Cartridge f\u00fcr audiophilen Vinylklang"},"content":{"rendered":"<h3 data-start=\"151\" data-end=\"230\">Ortofon 2M Black Tonabnehmer \u2013 Referenzklasse f\u00fcr h\u00f6chste Vinyl-Anspr\u00fcche<\/h3>\n<p data-start=\"231\" data-end=\"620\">Der <strong data-start=\"235\" data-end=\"267\">Ortofon 2M Black Tonabnehmer<\/strong> ist das Spitzenmodell der renommierten 2M-Serie und richtet sich an anspruchsvolle Audiophile, die das Maximum aus ihrer Vinyl-Sammlung herausholen m\u00f6chten. Ausgestattet mit einem hochwertigen Shibata-Diamanten liefert dieser Tonabnehmer eine au\u00dfergew\u00f6hnlich pr\u00e4zise Abtastung der Schallplattenrille und offenbart selbst feinste Details einer Aufnahme.<\/p>\n<p data-start=\"622\" data-end=\"866\">Der <strong data-start=\"626\" data-end=\"658\">Ortofon 2M Black Tonabnehmer<\/strong> \u00fcberzeugt durch seine enorme Aufl\u00f6sung, beeindruckende R\u00e4umlichkeit und ein besonders nat\u00fcrliches Klangbild. Dadurch eignet er sich ideal f\u00fcr hochwertige Hi-Fi-Plattenspieler und anspruchsvolle Audioanlagen.<\/p>\n<hr data-start=\"868\" data-end=\"871\" \/>\n<h3 data-start=\"873\" data-end=\"926\">Klangqualit\u00e4t des Ortofon 2M Black Tonabnehmers<\/h3>\n<p data-start=\"927\" data-end=\"1184\">Der <strong data-start=\"931\" data-end=\"963\">Ortofon 2M Black Tonabnehmer<\/strong> geh\u00f6rt zu den pr\u00e4zisesten Moving-Magnet-Cartridges auf dem Markt. Der Shibata-Diamant bietet eine besonders gro\u00dfe Kontaktfl\u00e4che mit der Schallplattenrille und kann dadurch feinste Informationen aus dem Vinyl herauslesen.<\/p>\n<p data-start=\"1186\" data-end=\"1272\">Die Klangcharakteristik des <strong data-start=\"1214\" data-end=\"1247\">Ortofon 2M Black Tonabnehmers<\/strong> zeichnet sich aus durch:<\/p>\n<ul data-start=\"1274\" data-end=\"1417\">\n<li data-start=\"1274\" data-end=\"1310\">\n<p data-start=\"1276\" data-end=\"1310\">au\u00dfergew\u00f6hnliche Detailaufl\u00f6sung<\/p>\n<\/li>\n<li data-start=\"1311\" data-end=\"1353\">\n<p data-start=\"1313\" data-end=\"1353\">extrem pr\u00e4zise und transparente Mitten<\/p>\n<\/li>\n<li data-start=\"1354\" data-end=\"1385\">\n<p data-start=\"1356\" data-end=\"1385\">brillante und luftige H\u00f6hen<\/p>\n<\/li>\n<li data-start=\"1386\" data-end=\"1417\">\n<p data-start=\"1388\" data-end=\"1417\">tiefer, kontrollierter Bass<\/p>\n<\/li>\n<\/ul>\n<p data-start=\"1419\" data-end=\"1574\">Das Ergebnis ist ein \u00e4u\u00dferst realistisches Klangbild mit beeindruckender Dynamik und exzellenter Instrumententrennung \u2013 perfekt f\u00fcr audiophile H\u00f6rsessions.<\/p>\n<hr data-start=\"1576\" data-end=\"1579\" \/>\n<h3 data-start=\"1581\" data-end=\"1640\">F\u00fcr wen eignet sich der Ortofon 2M Black Tonabnehmer?<\/h3>\n<p data-start=\"1641\" data-end=\"1764\">Der <strong data-start=\"1645\" data-end=\"1677\">Ortofon 2M Black Tonabnehmer<\/strong> richtet sich an Musikliebhaber mit h\u00f6chsten Anspr\u00fcchen an Klangqualit\u00e4t und Pr\u00e4zision.<\/p>\n<p data-start=\"1766\" data-end=\"1785\">Ideal geeignet f\u00fcr:<\/p>\n<ul data-start=\"1787\" data-end=\"1912\">\n<li data-start=\"1787\" data-end=\"1820\">\n<p data-start=\"1789\" data-end=\"1820\">audiophile Vinyl-Enthusiasten<\/p>\n<\/li>\n<li data-start=\"1821\" data-end=\"1847\">\n<p data-start=\"1823\" data-end=\"1847\">High-End-Hi-Fi-Anlagen<\/p>\n<\/li>\n<li data-start=\"1848\" data-end=\"1878\">\n<p data-start=\"1850\" data-end=\"1878\">hochwertige Plattenspieler<\/p>\n<\/li>\n<li data-start=\"1879\" data-end=\"1912\">\n<p data-start=\"1881\" data-end=\"1912\">Upgrade vom Ortofon 2M Bronze<\/p>\n<\/li>\n<\/ul>\n<p data-start=\"1914\" data-end=\"2047\">Durch die standardisierte \u00bd-Zoll-Befestigung kann der <strong data-start=\"1968\" data-end=\"2000\">Ortofon 2M Black Tonabnehmer<\/strong> mit vielen g\u00e4ngigen Tonarmen verwendet werden.<\/p>\n<hr data-start=\"2049\" data-end=\"2052\" \/>\n<h3 data-start=\"2054\" data-end=\"2102\">Vorteile des Ortofon 2M Black Tonabnehmers<\/h3>\n<p data-start=\"2103\" data-end=\"2202\">Der <strong data-start=\"2107\" data-end=\"2139\">Ortofon 2M Black Tonabnehmer<\/strong> bietet zahlreiche Vorteile f\u00fcr anspruchsvolle Vinyl-Liebhaber:<\/p>\n<ul data-start=\"2204\" data-end=\"2414\">\n<li data-start=\"2204\" data-end=\"2252\">\n<p data-start=\"2206\" data-end=\"2252\">Shibata-Diamant f\u00fcr extrem pr\u00e4zise Abtastung<\/p>\n<\/li>\n<li data-start=\"2253\" data-end=\"2294\">\n<p data-start=\"2255\" data-end=\"2294\">Referenzklasse innerhalb der 2M-Serie<\/p>\n<\/li>\n<li data-start=\"2295\" data-end=\"2339\">\n<p data-start=\"2297\" data-end=\"2339\">au\u00dfergew\u00f6hnliche Detailtreue und Dynamik<\/p>\n<\/li>\n<li data-start=\"2340\" data-end=\"2369\">\n<p data-start=\"2342\" data-end=\"2369\">sehr geringe Verzerrungen<\/p>\n<\/li>\n<li data-start=\"2370\" data-end=\"2414\">\n<p data-start=\"2372\" data-end=\"2414\">austauschbare Nadel f\u00fcr einfache Wartung<\/p>\n<\/li>\n<\/ul>\n<p data-start=\"2416\" data-end=\"2564\">Mit seiner herausragenden Klangqualit\u00e4t z\u00e4hlt der <strong data-start=\"2466\" data-end=\"2498\">Ortofon 2M Black Tonabnehmer<\/strong> zu den besten Moving-Magnet-Cartridges f\u00fcr High-End-Vinylsysteme.<\/p>\n<hr data-start=\"2566\" data-end=\"2569\" \/>\n<h3 data-start=\"2571\" data-end=\"2629\">Pflege und Wartung des Ortofon 2M Black Tonabnehmers<\/h3>\n<p data-start=\"2630\" data-end=\"2762\">Damit der <strong data-start=\"2640\" data-end=\"2672\">Ortofon 2M Black Tonabnehmer<\/strong> dauerhaft sein volles Klangpotenzial entfalten kann, ist eine regelm\u00e4\u00dfige Pflege wichtig.<\/p>\n<p data-start=\"2764\" data-end=\"2785\">Empfohlene Ma\u00dfnahmen:<\/p>\n<ul data-start=\"2787\" data-end=\"2994\">\n<li data-start=\"2787\" data-end=\"2849\">\n<p data-start=\"2789\" data-end=\"2849\">Nadel regelm\u00e4\u00dfig mit einer speziellen Nadelb\u00fcrste reinigen<\/p>\n<\/li>\n<li data-start=\"2850\" data-end=\"2896\">\n<p data-start=\"2852\" data-end=\"2896\">Schallplatten vor dem Abspielen entstauben<\/p>\n<\/li>\n<li data-start=\"2897\" data-end=\"2941\">\n<p data-start=\"2899\" data-end=\"2941\">empfohlene Auflagekraft exakt einstellen<\/p>\n<\/li>\n<li data-start=\"2942\" data-end=\"2994\">\n<p data-start=\"2944\" data-end=\"2994\">Tonabnehmer vor St\u00f6\u00dfen oder Ber\u00fchrungen sch\u00fctzen<\/p>\n<\/li>\n<\/ul>\n<p data-start=\"2996\" data-end=\"3101\">Eine sorgf\u00e4ltige Pflege verl\u00e4ngert die Lebensdauer der Nadel und sch\u00fctzt gleichzeitig Ihre Schallplatten.<\/p>\n<hr data-start=\"3103\" data-end=\"3106\" \/>\n<h2 data-start=\"3108\" data-end=\"3127\">Technische Daten<\/h2>\n<ul data-start=\"3129\" data-end=\"3626\">\n<li data-start=\"3129\" data-end=\"3174\">\n<p data-start=\"3131\" data-end=\"3174\"><strong data-start=\"3131\" data-end=\"3143\">Produkt:<\/strong> Ortofon 2M Black Tonabnehmer<\/p>\n<\/li>\n<li data-start=\"3175\" data-end=\"3216\">\n<p data-start=\"3177\" data-end=\"3216\"><strong data-start=\"3177\" data-end=\"3185\">Typ:<\/strong> Moving Magnet (MM) Cartridge<\/p>\n<\/li>\n<li data-start=\"3217\" data-end=\"3259\">\n<p data-start=\"3219\" data-end=\"3259\"><strong data-start=\"3219\" data-end=\"3236\">Nadelschliff:<\/strong> Nude Shibata Diamant<\/p>\n<\/li>\n<li data-start=\"3260\" data-end=\"3296\">\n<p data-start=\"3262\" data-end=\"3296\"><strong data-start=\"3262\" data-end=\"3283\">Ausgangsspannung:<\/strong> ca. 5,0 mV<\/p>\n<\/li>\n<li data-start=\"3297\" data-end=\"3336\">\n<p data-start=\"3299\" data-end=\"3336\"><strong data-start=\"3299\" data-end=\"3319\">Frequenzbereich:<\/strong> 20 \u2013 31.000 Hz<\/p>\n<\/li>\n<li data-start=\"3337\" data-end=\"3376\">\n<p data-start=\"3339\" data-end=\"3376\"><strong data-start=\"3339\" data-end=\"3368\">Auflagekraft (empfohlen):<\/strong> 1,5 g<\/p>\n<\/li>\n<li data-start=\"3377\" data-end=\"3403\">\n<p data-start=\"3379\" data-end=\"3403\"><strong data-start=\"3379\" data-end=\"3391\">Gewicht:<\/strong> ca. 7,2 g<\/p>\n<\/li>\n<li data-start=\"3404\" data-end=\"3461\">\n<p data-start=\"3406\" data-end=\"3461\"><strong data-start=\"3406\" data-end=\"3419\">Material:<\/strong> Kunststoffgeh\u00e4use mit Metallkomponenten<\/p>\n<\/li>\n<li data-start=\"3462\" data-end=\"3484\">\n<p data-start=\"3464\" data-end=\"3484\"><strong data-start=\"3464\" data-end=\"3474\">Farbe:<\/strong> Schwarz<\/p>\n<\/li>\n<li data-start=\"3485\" data-end=\"3529\">\n<p data-start=\"3487\" data-end=\"3529\"><strong data-start=\"3487\" data-end=\"3499\">Montage:<\/strong> Standard-\u00bd-Zoll-Befestigung<\/p>\n<\/li>\n<li data-start=\"3530\" data-end=\"3626\">\n<p data-start=\"3532\" data-end=\"3626\"><strong data-start=\"3532\" data-end=\"3560\">Besondere Eigenschaften:<\/strong> Shibata-Diamant, extrem hohe Detailaufl\u00f6sung, austauschbare Nadel<\/p>\n<\/li>\n<\/ul>\n","protected":false},"excerpt":{"rendered":"<p>Der <strong data-start=\"4698\" data-end=\"4730\">Ortofon 2M Black Tonabnehmer<\/strong> ist das Referenzmodell der 2M-Serie und bietet mit Shibata-Diamant maximale Detailtreue und audiophilen Vinylklang. DIESES PRODUKT KANN NUR DIREKT BEI UNS IM GESCH\u00c4FT ERWORBEN WERDEN! KEIN VERSAND!<\/p>\n","protected":false},"featured_media":6223,"comment_status":"closed","ping_status":"closed","template":"","meta":{"_acf_changed":false},"product_brand":[348],"product_cat":[327],"product_tag":[361,347,358,356,359,355,332,333,328,360,343,330,338,334,345,363,362,337,352,335],"class_list":{"0":"post-6220","1":"product","2":"type-product","3":"status-publish","4":"has-post-thumbnail","6":"product_brand-ortofon","7":"product_cat-tonabnehmer","8":"product_tag-2m-black-cartridge","9":"product_tag-analoger-klang","10":"product_tag-audiophile-cartridge","11":"product_tag-hifi-tonabnehmer","12":"product_tag-high-end-hifi","13":"product_tag-high-end-tonabnehmer","14":"product_tag-mm-tonabnehmer","15":"product_tag-moving-magnet-cartridge","16":"product_tag-ortofon","17":"product_tag-ortofon-2m-black","18":"product_tag-ortofon-cartridge","19":"product_tag-ortofon-tonabnehmer","20":"product_tag-phono-cartridge","21":"product_tag-plattenspieler-tonabnehmer","22":"product_tag-plattenspieler-upgrade","23":"product_tag-referenz-tonabnehmer","24":"product_tag-shibata-nadel","25":"product_tag-turntable-cartridge","26":"product_tag-vinyl-hifi","27":"product_tag-vinyl-tonabnehmer","29":"first","30":"outofstock","31":"shipping-taxable","32":"purchasable","33":"product-type-simple"},"acf":[],"_links":{"self":[{"href":"https:\/\/www.scheibenkleister-hifi.de\/shop\/wp-json\/wp\/v2\/product\/6220","targetHints":{"allow":["GET"]}}],"collection":[{"href":"https:\/\/www.scheibenkleister-hifi.de\/shop\/wp-json\/wp\/v2\/product"}],"about":[{"href":"https:\/\/www.scheibenkleister-hifi.de\/shop\/wp-json\/wp\/v2\/types\/product"}],"replies":[{"embeddable":true,"href":"https:\/\/www.scheibenkleister-hifi.de\/shop\/wp-json\/wp\/v2\/comments?post=6220"}],"wp:featuredmedia":[{"embeddable":true,"href":"https:\/\/www.scheibenkleister-hifi.de\/shop\/wp-json\/wp\/v2\/media\/6223"}],"wp:attachment":[{"href":"https:\/\/www.scheibenkleister-hifi.de\/shop\/wp-json\/wp\/v2\/media?parent=6220"}],"wp:term":[{"taxonomy":"product_brand","embeddable":true,"href":"https:\/\/www.scheibenkleister-hifi.de\/shop\/wp-json\/wp\/v2\/product_brand?post=6220"},{"taxonomy":"product_cat","embeddable":true,"href":"https:\/\/www.scheibenkleister-hifi.de\/shop\/wp-json\/wp\/v2\/product_cat?post=6220"},{"taxonomy":"product_tag","embeddable":true,"href":"https:\/\/www.scheibenkleister-hifi.de\/shop\/wp-json\/wp\/v2\/product_tag?post=6220"}],"curies":[{"name":"wp","href":"https:\/\/api.w.org\/{rel}","templated":true}]}}